{"id":26,"date":"2014-11-06T13:11:21","date_gmt":"2014-11-06T11:11:21","guid":{"rendered":"http:\/\/kandavasdraudze.lv\/?page_id=26"},"modified":"2023-06-28T22:25:55","modified_gmt":"2023-06-28T19:25:55","slug":"apzalumotaji-un-ziedu-kartotaji","status":"publish","type":"page","link":"https:\/\/kandavasdraudze.lv\/?page_id=26","title":{"rendered":"Ziedu k\u0101rtot\u0101ji"},"content":{"rendered":"<p>&nbsp;<\/p>\n<p><img loading=\"lazy\" decoding=\"async\" class=\"size-medium wp-image-1194 alignleft\" src=\"http:\/\/kandavasdraudze.lv\/wp-content\/uploads\/2023\/06\/ziedukartotaji-225x300.jpg\" alt=\"\" width=\"225\" height=\"300\" srcset=\"https:\/\/kandavasdraudze.lv\/wp-content\/uploads\/2023\/06\/ziedukartotaji-225x300.jpg 225w, https:\/\/kandavasdraudze.lv\/wp-content\/uploads\/2023\/06\/ziedukartotaji-768x1024.jpg 768w, https:\/\/kandavasdraudze.lv\/wp-content\/uploads\/2023\/06\/ziedukartotaji.jpg 864w\" sizes=\"auto, (max-width: 225px) 100vw, 225px\" \/>&nbsp;Ziedus m\u016bsu bazn\u012bc\u0101 k\u0101rto un&nbsp; nozar\u0113 kalpo <strong>M\u0101r\u012bte \u0160\u0137\u0113le<\/strong> un <strong>Gunta Ku\u0161kule<\/strong>. Abas kalpot\u0101jas vienm\u0113r ir par\u016bp\u0113ju\u0161\u0101s par to, lai bazn\u012bca b\u016btu skaisti saposta sv\u0113tdienas dievkalpojumos un \u012bpa\u0161i grezni bazn\u012bcu izrot\u0101ju\u0161as uz sv\u0113tkiem.<\/p>\n<p>Ziedu k\u0101rtot\u0101jas audz\u0113, g\u0101d\u0101 un k\u0101rto ziedus alt\u0101rim un bazn\u012bcai. Tiek organiz\u0113tas ziedu izst\u0101des bazn\u012bc\u0101 un P\u013caujas sv\u0113tku izst\u0101des.<\/p>\n<p>&nbsp;<\/p>\n<p>&nbsp;<\/p>\n<p>&nbsp;<\/p>\n<p>&nbsp;<\/p>\n<p>Ziedu k\u0101rtot\u0101ju kalpo\u0161anas nozari m\u016bsu draudz\u0113 iedibin\u0101ja Reg\u012bna Skuji\u0146a.<br \/>\n<a href=\"http:\/\/kandavasdraudze.lv\/wp-content\/uploads\/2014\/11\/pukukartotaji.jpg\"><img loading=\"lazy\" decoding=\"async\" class=\"alignleft wp-image-27 size-thumbnail\" src=\"http:\/\/kandavasdraudze.lv\/wp-content\/uploads\/2014\/11\/pukukartotaji-150x150.jpg\" alt=\"pukukartotaji\" width=\"150\" height=\"150\" srcset=\"https:\/\/kandavasdraudze.lv\/wp-content\/uploads\/2014\/11\/pukukartotaji-150x150.jpg 150w, https:\/\/kandavasdraudze.lv\/wp-content\/uploads\/2014\/11\/pukukartotaji-160x160.jpg 160w\" sizes=\"auto, (max-width: 150px) 100vw, 150px\" \/><\/a><\/p>\n<p>&nbsp;<\/p>\n","protected":false},"excerpt":{"rendered":"<p>&nbsp; &nbsp;Ziedus m\u016bsu bazn\u012bc\u0101 k\u0101rto un&nbsp; nozar\u0113 kalpo M\u0101r\u012bte \u0160\u0137\u0113le un Gunta Ku\u0161kule. Abas kalpot\u0101jas vienm\u0113r ir par\u016bp\u0113ju\u0161\u0101s par to, lai bazn\u012bca b\u016btu skaisti saposta sv\u0113tdienas dievkalpojumos un \u012bpa\u0161i grezni bazn\u012bcu izrot\u0101ju\u0161as uz sv\u0113tkiem. Ziedu k\u0101rtot\u0101jas audz\u0113, g\u0101d\u0101 un k\u0101rto ziedus alt\u0101rim un bazn\u012bcai. Tiek organiz\u0113tas ziedu izst\u0101des bazn\u012bc\u0101 un P\u013caujas sv\u0113tku izst\u0101des. &nbsp; &nbsp; &nbsp; &nbsp; Ziedu k\u0101rtot\u0101ju kalpo\u0161anas nozari m\u016bsu draudz\u0113 iedibin\u0101ja Reg\u012bna Skuji\u0146a. &nbsp;<\/p>\n","protected":false},"author":1,"featured_media":0,"parent":0,"menu_order":0,"comment_status":"closed","ping_status":"open","template":"","meta":{"ngg_post_thumbnail":0,"footnotes":""},"class_list":["post-26","page","type-page","status-publish","hentry"],"_links":{"self":[{"href":"https:\/\/kandavasdraudze.lv\/index.php?rest_route=\/wp\/v2\/pages\/26","targetHints":{"allow":["GET"]}}],"collection":[{"href":"https:\/\/kandavasdraudze.lv\/index.php?rest_route=\/wp\/v2\/pages"}],"about":[{"href":"https:\/\/kandavasdraudze.lv\/index.php?rest_route=\/wp\/v2\/types\/page"}],"author":[{"embeddable":true,"href":"https:\/\/kandavasdraudze.lv\/index.php?rest_route=\/wp\/v2\/users\/1"}],"replies":[{"embeddable":true,"href":"https:\/\/kandavasdraudze.lv\/index.php?rest_route=%2Fwp%2Fv2%2Fcomments&post=26"}],"version-history":[{"count":11,"href":"https:\/\/kandavasdraudze.lv\/index.php?rest_route=\/wp\/v2\/pages\/26\/revisions"}],"predecessor-version":[{"id":1196,"href":"https:\/\/kandavasdraudze.lv\/index.php?rest_route=\/wp\/v2\/pages\/26\/revisions\/1196"}],"wp:attachment":[{"href":"https:\/\/kandavasdraudze.lv\/index.php?rest_route=%2Fwp%2Fv2%2Fmedia&parent=26"}],"curies":[{"name":"wp","href":"https:\/\/api.w.org\/{rel}","templated":true}]}}